{"id":1160,"date":"2020-10-13T19:54:39","date_gmt":"2020-10-13T19:54:39","guid":{"rendered":"http:\/\/tuteacher-online.com\/?page_id=1160"},"modified":"2022-02-24T02:41:21","modified_gmt":"2022-02-24T02:41:21","slug":"geometria","status":"publish","type":"page","link":"https:\/\/tuteacher-online.com\/en\/geometria\/","title":{"rendered":"Geometry (Spanish)"},"content":{"rendered":"<div data-elementor-type=\"wp-page\" data-elementor-id=\"1160\" class=\"elementor elementor-1160\" data-elementor-settings=\"[]\">\n\t\t\t\t\t\t<div class=\"elementor-inner\">\n\t\t\t\t\t\t\t<div class=\"elementor-section-wrap\">\n\t\t\t\t\t\t\t<section class=\"elementor-section elementor-top-section elementor-element elementor-element-488ca2c5 elementor-section-boxed elementor-section-height-default elementor-section-height-default\" data-id=\"488ca2c5\" data-element_type=\"section\">\n\t\t\t\t\t\t<div class=\"elementor-container elementor-column-gap-default\">\n\t\t\t\t\t\t\t<div class=\"elementor-row\">\n\t\t\t\t\t<div class=\"elementor-column elementor-col-50 elementor-top-column elementor-element elementor-element-5be48a3a\" data-id=\"5be48a3a\" data-element_type=\"column\">\n\t\t\t<div class=\"elementor-column-wrap elementor-element-populated\">\n\t\t\t\t\t\t\t<div class=\"elementor-widget-wrap\">\n\t\t\t\t\t\t<div class=\"elementor-element elementor-element-5195f0a3 elementor-widget elementor-widget-heading\" data-id=\"5195f0a3\" data-element_type=\"widget\" data-widget_type=\"heading.default\">\n\t\t\t\t<div class=\"elementor-widget-container\">\n\t\t\t<h3 class=\"elementor-heading-title elementor-size-default\">Andr\u00e9s Mart\u00edn<\/h3>\t\t<\/div>\n\t\t\t\t<\/div>\n\t\t\t\t<div class=\"elementor-element elementor-element-512b1f6b elementor-widget elementor-widget-text-editor\" data-id=\"512b1f6b\" data-element_type=\"widget\" data-widget_type=\"text-editor.default\">\n\t\t\t\t<div class=\"elementor-widget-container\">\n\t\t\t\t\t\t\t\t<div class=\"elementor-text-editor elementor-clearfix\">\n\t\t\t\t<p>Docente de Qu\u00edmica y Matem\u00e1ticas con experiencia en ense\u00f1anza de las ciencias naturales en instituciones p\u00fablicas y privadas, Educaci\u00f3n B\u00e1sica y Superior, uso de simuladores en educaci\u00f3n cient\u00edfica, aplicaci\u00f3n de conocimiento cient\u00edfico qu\u00edmico y matem\u00e1tico en situaciones cotidianas, resoluci\u00f3n de problemas y gamificaci\u00f3n en educaci\u00f3n cient\u00edfica.<\/p>\t\t\t\t\t<\/div>\n\t\t\t\t\t\t<\/div>\n\t\t\t\t<\/div>\n\t\t\t\t\t\t<\/div>\n\t\t\t\t\t<\/div>\n\t\t<\/div>\n\t\t\t\t<div class=\"elementor-column elementor-col-50 elementor-top-column elementor-element elementor-element-4ed57dae\" data-id=\"4ed57dae\" data-element_type=\"column\">\n\t\t\t<div class=\"elementor-column-wrap elementor-element-populated\">\n\t\t\t\t\t\t\t<div class=\"elementor-widget-wrap\">\n\t\t\t\t\t\t<div class=\"elementor-element elementor-element-d23d088 elementor-widget__width-initial elementor-aspect-ratio-169 elementor-widget elementor-widget-video\" data-id=\"d23d088\" data-element_type=\"widget\" data-settings=\"{&quot;youtube_url&quot;:&quot;https:\\\/\\\/www.youtube.com\\\/watch?v=DvW2N7lSRZE&quot;,&quot;video_type&quot;:&quot;youtube&quot;,&quot;controls&quot;:&quot;yes&quot;,&quot;aspect_ratio&quot;:&quot;169&quot;}\" data-widget_type=\"video.default\">\n\t\t\t\t<div class=\"elementor-widget-container\">\n\t\t\t\t\t<div class=\"elementor-wrapper elementor-fit-aspect-ratio elementor-open-inline\">\n\t\t\t<div class=\"elementor-video\"><\/div>\t\t<\/div>\n\t\t\t\t<\/div>\n\t\t\t\t<\/div>\n\t\t\t\t\t\t<\/div>\n\t\t\t\t\t<\/div>\n\t\t<\/div>\n\t\t\t\t\t\t\t\t<\/div>\n\t\t\t\t\t<\/div>\n\t\t<\/section>\n\t\t\t\t<section class=\"elementor-section elementor-top-section elementor-element elementor-element-72d3e70 elementor-section-boxed elementor-section-height-default elementor-section-height-default\" data-id=\"72d3e70\" data-element_type=\"section\">\n\t\t\t\t\t\t<div class=\"elementor-container elementor-column-gap-default\">\n\t\t\t\t\t\t\t<div class=\"elementor-row\">\n\t\t\t\t\t<div class=\"elementor-column elementor-col-100 elementor-top-column elementor-element elementor-element-ac65662\" data-id=\"ac65662\" data-element_type=\"column\">\n\t\t\t<div class=\"elementor-column-wrap elementor-element-populated\">\n\t\t\t\t\t\t\t<div class=\"elementor-widget-wrap\">\n\t\t\t\t\t\t<div class=\"elementor-element elementor-element-dd93fb7 obfx-position-top elementor-widget elementor-widget-obfx-services\" data-id=\"dd93fb7\" data-element_type=\"widget\" data-widget_type=\"obfx-services.default\">\n\t\t\t\t<div class=\"elementor-widget-container\">\n\t\t\t<div class=\"obfx-grid\"><div class=\"obfx-grid-container obfx-grid-mobile-1 obfx-grid-tablet-2 obfx-grid-desktop-3\">\t\t\t<div class=\"obfx-grid-wrapper\">\n\t\t\t\t<a href=\"https:\/\/tuteacher-online.com\/en\/product\/quimica-2\/\" >\t\t\t\t<div class=\"obfx-service-box obfx-grid-col\">\n\t\t\t\t\t<span class=\"obfx-icon-wrap\"><i class=\"obfx-icon fas fa-bong\" aria-hidden=\"true\" style=\"color:#E23333\"><\/i><\/span>\t\t\t\t\t\t<div class=\"obfx-service-box-content\">\n\t\t\t\t\t\t\t\t\t\t\t\t\t\t\t<h4 class=\"obfx-service-title\">Quimica<\/h4>\n\t\t\t\t\t\t\t\t\t\t\t\t\t\t\t\t<p class=\"obfx-service-text\">Reservas<\/p>\n\t\t\t\t\t\t\t\t\t\t\t\t\t<\/div>\n\t\t\t\t\t\t\t\t\t<\/div>\n\t\t\t\t<\/a>\t\t\t<\/div>\n\t\t\t\t\t\t<div class=\"obfx-grid-wrapper\">\n\t\t\t\t<a href=\"https:\/\/tuteacher-online.com\/en\/product\/matematicas-2\/\" >\t\t\t\t<div class=\"obfx-service-box obfx-grid-col\">\n\t\t\t\t\t<span class=\"obfx-icon-wrap\"><i class=\"obfx-icon fas fa-percentage\" aria-hidden=\"true\" style=\"color:#E33339\"><\/i><\/span>\t\t\t\t\t\t<div class=\"obfx-service-box-content\">\n\t\t\t\t\t\t\t\t\t\t\t\t\t\t\t<h4 class=\"obfx-service-title\">Math (Spanish)<\/h4>\n\t\t\t\t\t\t\t\t\t\t\t\t\t\t\t\t<p class=\"obfx-service-text\">Reservas<\/p>\n\t\t\t\t\t\t\t\t\t\t\t\t\t<\/div>\n\t\t\t\t\t\t\t\t\t<\/div>\n\t\t\t\t<\/a>\t\t\t<\/div>\n\t\t\t\t\t\t<div class=\"obfx-grid-wrapper\">\n\t\t\t\t<a href=\"https:\/\/tuteacher-online.com\/en\/product\/quimica\/\" >\t\t\t\t<div class=\"obfx-service-box obfx-grid-col\">\n\t\t\t\t\t<span class=\"obfx-icon-wrap\"><i class=\"obfx-icon fas fa-pencil-ruler\" aria-hidden=\"true\" style=\"color:#E33339\"><\/i><\/span>\t\t\t\t\t\t<div class=\"obfx-service-box-content\">\n\t\t\t\t\t\t\t\t\t\t\t\t\t\t\t<h4 class=\"obfx-service-title\">Geometria<\/h4>\n\t\t\t\t\t\t\t\t\t\t\t\t\t\t\t\t<p class=\"obfx-service-text\">Reservas<\/p>\n\t\t\t\t\t\t\t\t\t\t\t\t\t<\/div>\n\t\t\t\t\t\t\t\t\t<\/div>\n\t\t\t\t<\/a>\t\t\t<\/div>\n\t\t\t<\/div><\/div>\t\t<\/div>\n\t\t\t\t<\/div>\n\t\t\t\t\t\t<\/div>\n\t\t\t\t\t<\/div>\n\t\t<\/div>\n\t\t\t\t\t\t\t\t<\/div>\n\t\t\t\t\t<\/div>\n\t\t<\/section>\n\t\t\t\t<section class=\"elementor-section elementor-top-section elementor-element elementor-element-c2b2873 elementor-section-boxed elementor-section-height-default elementor-section-height-default\" data-id=\"c2b2873\" data-element_type=\"section\">\n\t\t\t\t\t\t<div class=\"elementor-container elementor-column-gap-default\">\n\t\t\t\t\t\t\t<div class=\"elementor-row\">\n\t\t\t\t\t<div class=\"elementor-column elementor-col-100 elementor-top-column elementor-element elementor-element-924861e\" data-id=\"924861e\" data-element_type=\"column\">\n\t\t\t<div class=\"elementor-column-wrap elementor-element-populated\">\n\t\t\t\t\t\t\t<div class=\"elementor-widget-wrap\">\n\t\t\t\t\t\t<div class=\"elementor-element elementor-element-577e394 elementor-widget elementor-widget-spacer\" data-id=\"577e394\" data-element_type=\"widget\" data-widget_type=\"spacer.default\">\n\t\t\t\t<div class=\"elementor-widget-container\">\n\t\t\t\t\t<div class=\"elementor-spacer\">\n\t\t\t<div class=\"elementor-spacer-inner\"><\/div>\n\t\t<\/div>\n\t\t\t\t<\/div>\n\t\t\t\t<\/div>\n\t\t\t\t\t\t<\/div>\n\t\t\t\t\t<\/div>\n\t\t<\/div>\n\t\t\t\t\t\t\t\t<\/div>\n\t\t\t\t\t<\/div>\n\t\t<\/section>\n\t\t\t\t\t\t<\/div>\n\t\t\t\t\t\t<\/div>\n\t\t\t\t\t<\/div>","protected":false},"excerpt":{"rendered":"<p>Andr\u00e9s Mart\u00edn Docente de Qu\u00edmica y Matem\u00e1ticas con experiencia en ense\u00f1anza de las ciencias naturales en instituciones p\u00fablicas y privadas, Educaci\u00f3n B\u00e1sica y Superior, uso de simuladores en educaci\u00f3n cient\u00edfica, aplicaci\u00f3n de conocimiento cient\u00edfico qu\u00edmico y matem\u00e1tico en situaciones cotidianas, resoluci\u00f3n de problemas y gamificaci\u00f3n en educaci\u00f3n cient\u00edfica. https:\/\/www.youtube.com\/watch?v=DvW2N7lSRZE Quimica Reservas Matem\u00e1ticas Reservas Geometria Reservas<\/p>","protected":false},"author":1,"featured_media":0,"parent":0,"menu_order":0,"comment_status":"closed","ping_status":"closed","template":"elementor_canvas","meta":[],"_links":{"self":[{"href":"https:\/\/tuteacher-online.com\/en\/wp-json\/wp\/v2\/pages\/1160"}],"collection":[{"href":"https:\/\/tuteacher-online.com\/en\/wp-json\/wp\/v2\/pages"}],"about":[{"href":"https:\/\/tuteacher-online.com\/en\/wp-json\/wp\/v2\/types\/page"}],"author":[{"embeddable":true,"href":"https:\/\/tuteacher-online.com\/en\/wp-json\/wp\/v2\/users\/1"}],"replies":[{"embeddable":true,"href":"https:\/\/tuteacher-online.com\/en\/wp-json\/wp\/v2\/comments?post=1160"}],"version-history":[{"count":37,"href":"https:\/\/tuteacher-online.com\/en\/wp-json\/wp\/v2\/pages\/1160\/revisions"}],"predecessor-version":[{"id":3113,"href":"https:\/\/tuteacher-online.com\/en\/wp-json\/wp\/v2\/pages\/1160\/revisions\/3113"}],"wp:attachment":[{"href":"https:\/\/tuteacher-online.com\/en\/wp-json\/wp\/v2\/media?parent=1160"}],"curies":[{"name":"wp","href":"https:\/\/api.w.org\/{rel}","templated":true}]}}