{"id":1272,"date":"2020-10-14T22:48:46","date_gmt":"2020-10-14T22:48:46","guid":{"rendered":"http:\/\/tuteacher-online.com\/?page_id=1272"},"modified":"2020-10-26T22:48:03","modified_gmt":"2020-10-26T22:48:03","slug":"pintura-al-oleo","status":"publish","type":"page","link":"https:\/\/tuteacher-online.com\/en\/pintura-al-oleo\/","title":{"rendered":"Oil Painting"},"content":{"rendered":"<div data-elementor-type=\"wp-page\" data-elementor-id=\"1272\" class=\"elementor elementor-1272\" data-elementor-settings=\"[]\">\n\t\t\t\t\t\t<div class=\"elementor-inner\">\n\t\t\t\t\t\t\t<div class=\"elementor-section-wrap\">\n\t\t\t\t\t\t\t<section class=\"elementor-section elementor-top-section elementor-element elementor-element-d2e2d7b elementor-section-full_width elementor-section-height-default elementor-section-height-default\" data-id=\"d2e2d7b\" data-element_type=\"section\">\n\t\t\t\t\t\t\t<div class=\"elementor-background-overlay\"><\/div>\n\t\t\t\t\t\t\t<div class=\"elementor-container elementor-column-gap-default\">\n\t\t\t\t\t\t\t<div class=\"elementor-row\">\n\t\t\t\t\t<div class=\"elementor-column elementor-col-100 elementor-top-column elementor-element elementor-element-1ec604b\" data-id=\"1ec604b\" data-element_type=\"column\">\n\t\t\t<div class=\"elementor-column-wrap elementor-element-populated\">\n\t\t\t\t\t\t\t<div class=\"elementor-widget-wrap\">\n\t\t\t\t\t\t<div class=\"elementor-element elementor-element-e7166dc elementor-widget elementor-widget-heading\" data-id=\"e7166dc\" data-element_type=\"widget\" data-widget_type=\"heading.default\">\n\t\t\t\t<div class=\"elementor-widget-container\">\n\t\t\t<h2 class=\"elementor-heading-title elementor-size-default\">Oil Painting<\/h2>\t\t<\/div>\n\t\t\t\t<\/div>\n\t\t\t\t<div class=\"elementor-element elementor-element-fa1dc8e elementor-invisible elementor-widget elementor-widget-text-editor\" data-id=\"fa1dc8e\" data-element_type=\"widget\" data-settings=\"{&quot;_animation&quot;:&quot;fadeIn&quot;}\" data-widget_type=\"text-editor.default\">\n\t\t\t\t<div class=\"elementor-widget-container\">\n\t\t\t\t\t\t\t\t<div class=\"elementor-text-editor elementor-clearfix\">\n\t\t\t\t<p>Esta t\u00e9cnica \u201cconsiste en mezclar los pigmentos con un aglutinante a base de aceites, normalmente de origen vegetal\u201d. Yo los consigo en mi regi\u00f3n con el nombre de: Trementina y Aceite de Linaza. Aunque el \u00f3leo se puede utilizar en diferentes materiales, lo m\u00e1s habitual es en Lienzo o tabla. Estos dos soportes son los que se van a emplear en el curso. El objetivo es que las personas aprendan a combinar los pigmentos, a emplear el aglutinante de forma correcta, preparar el lienzo para pintarlo posteriormente, entre muchas cosas m\u00e1s de la t\u00e9cnica y la historia. La pintura al \u00f3leo tiene su \u201ccomplejidad\u201d pero es muy noble y sus resultados son excelentes y pude ser f\u00e1cil para alguien con motivaci\u00f3n aprenderla.<\/p>\t\t\t\t\t<\/div>\n\t\t\t\t\t\t<\/div>\n\t\t\t\t<\/div>\n\t\t\t\t\t\t<\/div>\n\t\t\t\t\t<\/div>\n\t\t<\/div>\n\t\t\t\t\t\t\t\t<\/div>\n\t\t\t\t\t<\/div>\n\t\t<\/section>\n\t\t\t\t<section class=\"elementor-section elementor-top-section elementor-element elementor-element-7f11f4b elementor-section-boxed elementor-section-height-default elementor-section-height-default\" data-id=\"7f11f4b\" data-element_type=\"section\" data-settings=\"{&quot;background_background&quot;:&quot;classic&quot;}\">\n\t\t\t\t\t\t<div class=\"elementor-container elementor-column-gap-default\">\n\t\t\t\t\t\t\t<div class=\"elementor-row\">\n\t\t\t\t\t<div class=\"elementor-column elementor-col-33 elementor-top-column elementor-element elementor-element-136ed2b\" data-id=\"136ed2b\" data-element_type=\"column\">\n\t\t\t<div class=\"elementor-column-wrap elementor-element-populated\">\n\t\t\t\t\t\t\t<div class=\"elementor-widget-wrap\">\n\t\t\t\t\t\t<div class=\"elementor-element elementor-element-e9e89b0 elementor-widget elementor-widget-heading\" data-id=\"e9e89b0\" data-element_type=\"widget\" data-widget_type=\"heading.default\">\n\t\t\t\t<div class=\"elementor-widget-container\">\n\t\t\t<h2 class=\"elementor-heading-title elementor-size-default\">Juan David<\/h2>\t\t<\/div>\n\t\t\t\t<\/div>\n\t\t\t\t<div class=\"elementor-element elementor-element-f18f9e1 elementor-widget elementor-widget-image\" data-id=\"f18f9e1\" data-element_type=\"widget\" data-widget_type=\"image.default\">\n\t\t\t\t<div class=\"elementor-widget-container\">\n\t\t\t\t\t\t\t\t<div class=\"elementor-image\">\n\t\t\t\t\t\t\t\t\t\t\t\t<img decoding=\"async\" width=\"150\" height=\"150\" src=\"https:\/\/tuteacher-online.com\/wp-content\/uploads\/2020\/09\/IMG_20200303_135745eerrfwewe-150x150.jpg\" class=\"attachment-thumbnail size-thumbnail\" alt=\"\" loading=\"lazy\" srcset=\"https:\/\/tuteacher-online.com\/wp-content\/uploads\/2020\/09\/IMG_20200303_135745eerrfwewe-150x150.jpg 150w, https:\/\/tuteacher-online.com\/wp-content\/uploads\/2020\/09\/IMG_20200303_135745eerrfwewe-scaled-100x100.jpg 100w\" sizes=\"(max-width: 150px) 100vw, 150px\" \/>\t\t\t\t\t\t\t\t\t\t\t\t\t\t<\/div>\n\t\t\t\t\t\t<\/div>\n\t\t\t\t<\/div>\n\t\t\t\t\t\t<\/div>\n\t\t\t\t\t<\/div>\n\t\t<\/div>\n\t\t\t\t<div class=\"elementor-column elementor-col-33 elementor-top-column elementor-element elementor-element-d9fc1f8\" data-id=\"d9fc1f8\" data-element_type=\"column\">\n\t\t\t<div class=\"elementor-column-wrap elementor-element-populated\">\n\t\t\t\t\t\t\t<div class=\"elementor-widget-wrap\">\n\t\t\t\t\t\t<div class=\"elementor-element elementor-element-69240c8 elementor-widget elementor-widget-text-editor\" data-id=\"69240c8\" data-element_type=\"widget\" data-widget_type=\"text-editor.default\">\n\t\t\t\t<div class=\"elementor-widget-container\">\n\t\t\t\t\t\t\t\t<div class=\"elementor-text-editor elementor-clearfix\">\n\t\t\t\t<p>Formaci\u00f3n: Academia de Dibujo Profesional. Dise\u00f1o Gr\u00e1fico.<\/p><p>\u00a0<\/p>\t\t\t\t\t<\/div>\n\t\t\t\t\t\t<\/div>\n\t\t\t\t<\/div>\n\t\t\t\t\t\t<\/div>\n\t\t\t\t\t<\/div>\n\t\t<\/div>\n\t\t\t\t<div class=\"elementor-column elementor-col-33 elementor-top-column elementor-element elementor-element-8952283\" data-id=\"8952283\" data-element_type=\"column\">\n\t\t\t<div class=\"elementor-column-wrap elementor-element-populated\">\n\t\t\t\t\t\t\t<div class=\"elementor-widget-wrap\">\n\t\t\t\t\t\t<div class=\"elementor-element elementor-element-4e060a7 elementor-aspect-ratio-169 elementor-widget elementor-widget-video\" data-id=\"4e060a7\" data-element_type=\"widget\" data-settings=\"{&quot;youtube_url&quot;:&quot;https:\\\/\\\/www.youtube.com\\\/watch?v=prg2-47_LMo&quot;,&quot;video_type&quot;:&quot;youtube&quot;,&quot;controls&quot;:&quot;yes&quot;,&quot;aspect_ratio&quot;:&quot;169&quot;}\" data-widget_type=\"video.default\">\n\t\t\t\t<div class=\"elementor-widget-container\">\n\t\t\t\t\t<div class=\"elementor-wrapper elementor-fit-aspect-ratio elementor-open-inline\">\n\t\t\t<div class=\"elementor-video\"><\/div>\t\t<\/div>\n\t\t\t\t<\/div>\n\t\t\t\t<\/div>\n\t\t\t\t\t\t<\/div>\n\t\t\t\t\t<\/div>\n\t\t<\/div>\n\t\t\t\t\t\t\t\t<\/div>\n\t\t\t\t\t<\/div>\n\t\t<\/section>\n\t\t\t\t\t\t<\/div>\n\t\t\t\t\t\t<\/div>\n\t\t\t\t\t<\/div>","protected":false},"excerpt":{"rendered":"<p>Pintura al \u00f3leo Esta t\u00e9cnica \u201cconsiste en mezclar los pigmentos con un aglutinante a base de aceites, normalmente de origen vegetal\u201d. Yo los consigo en mi regi\u00f3n con el nombre de: Trementina y Aceite de Linaza. Aunque el \u00f3leo se puede utilizar en diferentes materiales, lo m\u00e1s habitual es en Lienzo o tabla. Estos dos [&hellip;]<\/p>","protected":false},"author":1,"featured_media":0,"parent":0,"menu_order":0,"comment_status":"closed","ping_status":"closed","template":"elementor_canvas","meta":[],"_links":{"self":[{"href":"https:\/\/tuteacher-online.com\/en\/wp-json\/wp\/v2\/pages\/1272"}],"collection":[{"href":"https:\/\/tuteacher-online.com\/en\/wp-json\/wp\/v2\/pages"}],"about":[{"href":"https:\/\/tuteacher-online.com\/en\/wp-json\/wp\/v2\/types\/page"}],"author":[{"embeddable":true,"href":"https:\/\/tuteacher-online.com\/en\/wp-json\/wp\/v2\/users\/1"}],"replies":[{"embeddable":true,"href":"https:\/\/tuteacher-online.com\/en\/wp-json\/wp\/v2\/comments?post=1272"}],"version-history":[{"count":0,"href":"https:\/\/tuteacher-online.com\/en\/wp-json\/wp\/v2\/pages\/1272\/revisions"}],"wp:attachment":[{"href":"https:\/\/tuteacher-online.com\/en\/wp-json\/wp\/v2\/media?parent=1272"}],"curies":[{"name":"wp","href":"https:\/\/api.w.org\/{rel}","templated":true}]}}