{"id":809,"date":"2020-09-12T21:58:07","date_gmt":"2020-09-12T21:58:07","guid":{"rendered":"http:\/\/tuteacher-online.com\/?post_type=product&#038;p=809"},"modified":"2025-01-15T20:22:34","modified_gmt":"2025-01-15T20:22:34","slug":"quimica","status":"publish","type":"product","link":"https:\/\/tuteacher-online.com\/en\/product\/quimica\/","title":{"rendered":"Qu\u00edmica-Matem\u00e1tica-Geometr\u00eda"},"content":{"rendered":"<div data-elementor-type=\"product-post\" data-elementor-id=\"809\" class=\"elementor elementor-809\" data-elementor-settings=\"[]\">\n\t\t\t\t\t\t<div class=\"elementor-inner\">\n\t\t\t\t\t\t\t<div class=\"elementor-section-wrap\">\n\t\t\t\t\t\t\t<section class=\"elementor-section elementor-top-section elementor-element elementor-element-1fe8dc2 elementor-section-boxed elementor-section-height-default elementor-section-height-default\" data-id=\"1fe8dc2\" data-element_type=\"section\">\n\t\t\t\t\t\t<div class=\"elementor-container elementor-column-gap-default\">\n\t\t\t\t\t\t\t<div class=\"elementor-row\">\n\t\t\t\t\t<div class=\"elementor-column elementor-col-50 elementor-top-column elementor-element elementor-element-9adbd09\" data-id=\"9adbd09\" data-element_type=\"column\">\n\t\t\t<div class=\"elementor-column-wrap elementor-element-populated\">\n\t\t\t\t\t\t\t<div class=\"elementor-widget-wrap\">\n\t\t\t\t\t\t<div class=\"elementor-element elementor-element-45ce5e2 elementor-widget elementor-widget-image\" data-id=\"45ce5e2\" data-element_type=\"widget\" data-widget_type=\"image.default\">\n\t\t\t\t<div class=\"elementor-widget-container\">\n\t\t\t\t\t\t\t\t<div class=\"elementor-image\">\n\t\t\t\t\t\t\t\t\t\t\t\t<img decoding=\"async\" width=\"24\" height=\"24\" src=\"https:\/\/tuteacher-online.com\/wp-content\/uploads\/2020\/08\/quimica.png\" class=\"attachment-large size-large\" alt=\"\" loading=\"lazy\" \/>\t\t\t\t\t\t\t\t\t\t\t\t\t\t<\/div>\n\t\t\t\t\t\t<\/div>\n\t\t\t\t<\/div>\n\t\t\t\t\t\t<\/div>\n\t\t\t\t\t<\/div>\n\t\t<\/div>\n\t\t\t\t<div class=\"elementor-column elementor-col-50 elementor-top-column elementor-element elementor-element-c4c9378\" data-id=\"c4c9378\" data-element_type=\"column\">\n\t\t\t<div class=\"elementor-column-wrap elementor-element-populated\">\n\t\t\t\t\t\t\t<div class=\"elementor-widget-wrap\">\n\t\t\t\t\t\t<div class=\"elementor-element elementor-element-949a92c elementor-invisible elementor-widget elementor-widget-woocommerce-product-title elementor-page-title elementor-widget-heading\" data-id=\"949a92c\" data-element_type=\"widget\" data-settings=\"{&quot;_animation&quot;:&quot;fadeIn&quot;}\" data-widget_type=\"woocommerce-product-title.default\">\n\t\t\t\t<div class=\"elementor-widget-container\">\n\t\t\t<h1 class=\"product_title entry-title elementor-heading-title elementor-size-default\">Qu\u00edmica-Matem\u00e1tica-Geometr\u00eda<\/h1>\t\t<\/div>\n\t\t\t\t<\/div>\n\t\t\t\t\t\t<\/div>\n\t\t\t\t\t<\/div>\n\t\t<\/div>\n\t\t\t\t\t\t\t\t<\/div>\n\t\t\t\t\t<\/div>\n\t\t<\/section>\n\t\t\t\t<section class=\"elementor-section elementor-top-section elementor-element elementor-element-00547fc elementor-section-boxed elementor-section-height-default elementor-section-height-default\" data-id=\"00547fc\" data-element_type=\"section\">\n\t\t\t\t\t\t<div class=\"elementor-container elementor-column-gap-default\">\n\t\t\t\t\t\t\t<div class=\"elementor-row\">\n\t\t\t\t\t<div class=\"elementor-column elementor-col-100 elementor-top-column elementor-element elementor-element-8d1db7d\" data-id=\"8d1db7d\" data-element_type=\"column\">\n\t\t\t<div class=\"elementor-column-wrap\">\n\t\t\t\t\t\t\t<div class=\"elementor-widget-wrap\">\n\t\t\t\t\t\t\t\t<\/div>\n\t\t\t\t\t<\/div>\n\t\t<\/div>\n\t\t\t\t\t\t\t\t<\/div>\n\t\t\t\t\t<\/div>\n\t\t<\/section>\n\t\t\t\t<section class=\"elementor-section elementor-top-section elementor-element elementor-element-33209f6 elementor-section-boxed elementor-section-height-default elementor-section-height-default\" data-id=\"33209f6\" data-element_type=\"section\">\n\t\t\t\t\t\t<div class=\"elementor-container elementor-column-gap-default\">\n\t\t\t\t\t\t\t<div class=\"elementor-row\">\n\t\t\t\t\t<div class=\"elementor-column elementor-col-50 elementor-top-column elementor-element elementor-element-8c3253c\" data-id=\"8c3253c\" data-element_type=\"column\">\n\t\t\t<div class=\"elementor-column-wrap elementor-element-populated\">\n\t\t\t\t\t\t\t<div class=\"elementor-widget-wrap\">\n\t\t\t\t\t\t<div class=\"elementor-element elementor-element-53727b8 yes elementor-widget elementor-widget-woocommerce-product-images\" data-id=\"53727b8\" data-element_type=\"widget\" data-widget_type=\"woocommerce-product-images.default\">\n\t\t\t\t<div class=\"elementor-widget-container\">\n\t\t\t<div class=\"woocommerce-product-gallery woocommerce-product-gallery--with-images woocommerce-product-gallery--columns-4 images\" data-columns=\"4\" style=\"opacity: 0; transition: opacity .25s ease-in-out;\">\n\t<figure class=\"woocommerce-product-gallery__wrapper\">\n\t\t<div data-thumb=\"https:\/\/tuteacher-online.com\/wp-content\/uploads\/2020\/09\/Quimica-100x100.png\" data-thumb-alt=\"\" class=\"woocommerce-product-gallery__image\"><a href=\"https:\/\/tuteacher-online.com\/wp-content\/uploads\/2020\/09\/Quimica.png\"><img width=\"600\" height=\"600\" src=\"https:\/\/tuteacher-online.com\/wp-content\/uploads\/2020\/09\/Quimica-600x600.png\" class=\"wp-post-image\" alt=\"\" decoding=\"async\" loading=\"lazy\" title=\"Quimica\" data-caption=\"\" data-src=\"https:\/\/tuteacher-online.com\/wp-content\/uploads\/2020\/09\/Quimica.png\" data-large_image=\"https:\/\/tuteacher-online.com\/wp-content\/uploads\/2020\/09\/Quimica.png\" data-large_image_width=\"2700\" data-large_image_height=\"2700\" srcset=\"https:\/\/tuteacher-online.com\/wp-content\/uploads\/2020\/09\/Quimica-600x600.png 600w, https:\/\/tuteacher-online.com\/wp-content\/uploads\/2020\/09\/Quimica-100x100.png 100w, https:\/\/tuteacher-online.com\/wp-content\/uploads\/2020\/09\/Quimica-64x64.png 64w, https:\/\/tuteacher-online.com\/wp-content\/uploads\/2020\/09\/Quimica-300x300.png 300w, https:\/\/tuteacher-online.com\/wp-content\/uploads\/2020\/09\/Quimica-1024x1024.png 1024w, https:\/\/tuteacher-online.com\/wp-content\/uploads\/2020\/09\/Quimica-150x150.png 150w, https:\/\/tuteacher-online.com\/wp-content\/uploads\/2020\/09\/Quimica-768x768.png 768w, https:\/\/tuteacher-online.com\/wp-content\/uploads\/2020\/09\/Quimica-1536x1536.png 1536w, https:\/\/tuteacher-online.com\/wp-content\/uploads\/2020\/09\/Quimica-2048x2048.png 2048w\" sizes=\"(max-width: 600px) 100vw, 600px\" \/><\/a><\/div>\t<\/figure>\n<\/div>\n\t\t<\/div>\n\t\t\t\t<\/div>\n\t\t\t\t\t\t<\/div>\n\t\t\t\t\t<\/div>\n\t\t<\/div>\n\t\t\t\t<div class=\"elementor-column elementor-col-50 elementor-top-column elementor-element elementor-element-33b7031\" data-id=\"33b7031\" data-element_type=\"column\">\n\t\t\t<div class=\"elementor-column-wrap elementor-element-populated\">\n\t\t\t\t\t\t\t<div class=\"elementor-widget-wrap\">\n\t\t\t\t\t\t<div class=\"elementor-element elementor-element-0433cbb elementor-widget elementor-widget-woocommerce-product-add-to-cart\" data-id=\"0433cbb\" data-element_type=\"widget\" data-widget_type=\"woocommerce-product-add-to-cart.default\">\n\t\t\t\t<div class=\"elementor-widget-container\">\n\t\t\t\n\t\t<div class=\"elementor-add-to-cart elementor-product-variable\">\n\t\t\t\t\t<\/div>\n\n\t\t\t\t<\/div>\n\t\t\t\t<\/div>\n\t\t\t\t<div class=\"elementor-element elementor-element-19ba7c4 elementor-widget elementor-widget-woocommerce-product-price\" data-id=\"19ba7c4\" data-element_type=\"widget\" data-widget_type=\"woocommerce-product-price.default\">\n\t\t\t\t<div class=\"elementor-widget-container\">\n\t\t\t<p class=\"price\" data-no-translation=\"\" data-trp-gettext=\"\"><span class=\"woocommerce-Price-amount amount\"><bdi><span class=\"woocommerce-Price-currencySymbol\">&#36;<\/span>55,000.00<\/bdi><\/span> &ndash; <span class=\"woocommerce-Price-amount amount\"><bdi><span class=\"woocommerce-Price-currencySymbol\">&#36;<\/span>120,000.00<\/bdi><\/span><\/p>\n\t\t<\/div>\n\t\t\t\t<\/div>\n\t\t\t\t\t\t<\/div>\n\t\t\t\t\t<\/div>\n\t\t<\/div>\n\t\t\t\t\t\t\t\t<\/div>\n\t\t\t\t\t<\/div>\n\t\t<\/section>\n\t\t\t\t\t\t<\/div>\n\t\t\t\t\t\t<\/div>\n\t\t\t\t\t<\/div>","protected":false},"excerpt":{"rendered":"<p>[embedyt] https:\/\/www.youtube.com\/watch?v=DvW2N7lSRZE[\/embedyt]<\/p>","protected":false},"featured_media":810,"comment_status":"open","ping_status":"closed","template":"elementor_canvas","meta":[],"product_cat":[19],"product_tag":[],"_links":{"self":[{"href":"https:\/\/tuteacher-online.com\/en\/wp-json\/wp\/v2\/product\/809"}],"collection":[{"href":"https:\/\/tuteacher-online.com\/en\/wp-json\/wp\/v2\/product"}],"about":[{"href":"https:\/\/tuteacher-online.com\/en\/wp-json\/wp\/v2\/types\/product"}],"replies":[{"embeddable":true,"href":"https:\/\/tuteacher-online.com\/en\/wp-json\/wp\/v2\/comments?post=809"}],"version-history":[{"count":11,"href":"https:\/\/tuteacher-online.com\/en\/wp-json\/wp\/v2\/product\/809\/revisions"}],"predecessor-version":[{"id":3662,"href":"https:\/\/tuteacher-online.com\/en\/wp-json\/wp\/v2\/product\/809\/revisions\/3662"}],"wp:featuredmedia":[{"embeddable":true,"href":"https:\/\/tuteacher-online.com\/en\/wp-json\/wp\/v2\/media\/810"}],"wp:attachment":[{"href":"https:\/\/tuteacher-online.com\/en\/wp-json\/wp\/v2\/media?parent=809"}],"wp:term":[{"taxonomy":"product_cat","embeddable":true,"href":"https:\/\/tuteacher-online.com\/en\/wp-json\/wp\/v2\/product_cat?post=809"},{"taxonomy":"product_tag","embeddable":true,"href":"https:\/\/tuteacher-online.com\/en\/wp-json\/wp\/v2\/product_tag?post=809"}],"curies":[{"name":"wp","href":"https:\/\/api.w.org\/{rel}","templated":true}]}}